{"id":14,"date":"2023-03-01T16:45:21","date_gmt":"2023-03-01T13:45:21","guid":{"rendered":"http:\/\/novadamugla.com\/?page_id=14"},"modified":"2025-09-18T16:33:33","modified_gmt":"2025-09-18T13:33:33","slug":"novada-mugla","status":"publish","type":"page","link":"http:\/\/novadamugla.com\/","title":{"rendered":"novada mugla"},"content":{"rendered":"<div id='full_slider_1'  class='avia-fullwidth-slider main_color avia-shadow   avia-builder-el-0  el_before_av_section  avia-builder-el-first   container_wrap sidebar_right'  ><div  class='avia-slideshow av-lepqciaw-2afba3534e1aa8f67a07979f38476607 avia-slideshow-no scaling av_slideshow_full avia-fade-slider av-slideshow-ui av-control-default av-slideshow-autoplay av-loop-endless av-loop-manual-endless av-default-height-applied   avia-slideshow-1' data-slideshow-options=\"{&quot;animation&quot;:&quot;fade&quot;,&quot;autoplay&quot;:true,&quot;loop_autoplay&quot;:&quot;endless&quot;,&quot;interval&quot;:5,&quot;loop_manual&quot;:&quot;manual-endless&quot;,&quot;autoplay_stopper&quot;:false,&quot;noNavigation&quot;:false,&quot;bg_slider&quot;:false,&quot;keep_padding&quot;:false,&quot;hoverpause&quot;:false,&quot;show_slide_delay&quot;:0}\"  itemprop=\"image\" itemscope=\"itemscope\" itemtype=\"https:\/\/schema.org\/ImageObject\" ><ul class='avia-slideshow-inner ' style='padding-bottom: 56.25%;'><li  class='avia-slideshow-slide av-lepqciaw-2afba3534e1aa8f67a07979f38476607__0  slide-1 slide-odd'><div data-rel='slideshow-1' class='avia-slide-wrap '   ><img decoding=\"async\" class=\"wp-image-19 avia-img-lazy-loading-not-19\"  src=\"http:\/\/novadamugla.com\/wp-content\/uploads\/2023\/03\/b-1.jpg\" width=\"2000\" height=\"1125\" title='b-1' alt=''  itemprop=\"thumbnailUrl\" srcset=\"http:\/\/novadamugla.com\/wp-content\/uploads\/2023\/03\/b-1.jpg 2000w, http:\/\/novadamugla.com\/wp-content\/uploads\/2023\/03\/b-1-300x169.jpg 300w, http:\/\/novadamugla.com\/wp-content\/uploads\/2023\/03\/b-1-1030x579.jpg 1030w, http:\/\/novadamugla.com\/wp-content\/uploads\/2023\/03\/b-1-768x432.jpg 768w, http:\/\/novadamugla.com\/wp-content\/uploads\/2023\/03\/b-1-1536x864.jpg 1536w, http:\/\/novadamugla.com\/wp-content\/uploads\/2023\/03\/b-1-1500x844.jpg 1500w, http:\/\/novadamugla.com\/wp-content\/uploads\/2023\/03\/b-1-705x397.jpg 705w\" sizes=\"(max-width: 2000px) 100vw, 2000px\" \/><\/div><\/li><li  class='avia-slideshow-slide av-lepqciaw-2afba3534e1aa8f67a07979f38476607__1  slide-2 slide-even'><div data-rel='slideshow-1' class='avia-slide-wrap '   ><img decoding=\"async\" class=\"wp-image-20 avia-img-lazy-loading-not-20\"  src=\"http:\/\/novadamugla.com\/wp-content\/uploads\/2023\/03\/b-2.jpg\" width=\"2000\" height=\"1125\" title='b-2' alt=''  itemprop=\"thumbnailUrl\" srcset=\"http:\/\/novadamugla.com\/wp-content\/uploads\/2023\/03\/b-2.jpg 2000w, http:\/\/novadamugla.com\/wp-content\/uploads\/2023\/03\/b-2-300x169.jpg 300w, http:\/\/novadamugla.com\/wp-content\/uploads\/2023\/03\/b-2-1030x579.jpg 1030w, http:\/\/novadamugla.com\/wp-content\/uploads\/2023\/03\/b-2-768x432.jpg 768w, http:\/\/novadamugla.com\/wp-content\/uploads\/2023\/03\/b-2-1536x864.jpg 1536w, http:\/\/novadamugla.com\/wp-content\/uploads\/2023\/03\/b-2-1500x844.jpg 1500w, http:\/\/novadamugla.com\/wp-content\/uploads\/2023\/03\/b-2-705x397.jpg 705w\" sizes=\"(max-width: 2000px) 100vw, 2000px\" \/><\/div><\/li><li  class='avia-slideshow-slide av-lepqciaw-2afba3534e1aa8f67a07979f38476607__2  slide-3 slide-odd'><div data-rel='slideshow-1' class='avia-slide-wrap '   ><img decoding=\"async\" class=\"wp-image-21 avia-img-lazy-loading-not-21\"  src=\"http:\/\/novadamugla.com\/wp-content\/uploads\/2023\/03\/b-3.jpg\" width=\"2000\" height=\"1125\" title='b-3' alt=''  itemprop=\"thumbnailUrl\" srcset=\"http:\/\/novadamugla.com\/wp-content\/uploads\/2023\/03\/b-3.jpg 2000w, http:\/\/novadamugla.com\/wp-content\/uploads\/2023\/03\/b-3-300x169.jpg 300w, http:\/\/novadamugla.com\/wp-content\/uploads\/2023\/03\/b-3-1030x579.jpg 1030w, http:\/\/novadamugla.com\/wp-content\/uploads\/2023\/03\/b-3-768x432.jpg 768w, http:\/\/novadamugla.com\/wp-content\/uploads\/2023\/03\/b-3-1536x864.jpg 1536w, http:\/\/novadamugla.com\/wp-content\/uploads\/2023\/03\/b-3-1500x844.jpg 1500w, http:\/\/novadamugla.com\/wp-content\/uploads\/2023\/03\/b-3-705x397.jpg 705w\" sizes=\"(max-width: 2000px) 100vw, 2000px\" \/><\/div><\/li><li  class='avia-slideshow-slide av-lepqciaw-2afba3534e1aa8f67a07979f38476607__3  slide-4 slide-even'><div data-rel='slideshow-1' class='avia-slide-wrap '   ><img decoding=\"async\" class=\"wp-image-24 avia-img-lazy-loading-not-24\"  src=\"http:\/\/novadamugla.com\/wp-content\/uploads\/2023\/03\/b-6.jpg\" width=\"2000\" height=\"1125\" title='b-6' alt=''  itemprop=\"thumbnailUrl\" srcset=\"http:\/\/novadamugla.com\/wp-content\/uploads\/2023\/03\/b-6.jpg 2000w, http:\/\/novadamugla.com\/wp-content\/uploads\/2023\/03\/b-6-300x169.jpg 300w, http:\/\/novadamugla.com\/wp-content\/uploads\/2023\/03\/b-6-1030x579.jpg 1030w, http:\/\/novadamugla.com\/wp-content\/uploads\/2023\/03\/b-6-768x432.jpg 768w, http:\/\/novadamugla.com\/wp-content\/uploads\/2023\/03\/b-6-1536x864.jpg 1536w, http:\/\/novadamugla.com\/wp-content\/uploads\/2023\/03\/b-6-1500x844.jpg 1500w, http:\/\/novadamugla.com\/wp-content\/uploads\/2023\/03\/b-6-705x397.jpg 705w\" sizes=\"(max-width: 2000px) 100vw, 2000px\" \/><\/div><\/li><\/ul><div class='avia-slideshow-arrows avia-slideshow-controls' ><a href='#prev' class='prev-slide ' aria-hidden='true' data-av_icon='\ue87c' data-av_iconfont='entypo-fontello'  tabindex='-1'>\u00d6nceki<\/a><a href='#next' class='next-slide ' aria-hidden='true' data-av_icon='\ue87d' data-av_iconfont='entypo-fontello'  tabindex='-1'>Sonraki<\/a><\/div><div class='avia-slideshow-dots avia-slideshow-controls'><a href='#1' class='goto-slide active' >1<\/a><a href='#2' class='goto-slide ' >2<\/a><a href='#3' class='goto-slide ' >3<\/a><a href='#4' class='goto-slide ' >4<\/a><\/div><\/div><\/div>\n<div id='av_section_1'  class='avia-section av-lzed06js-9afeb0c711d7c2548e7845d9d01012ea main_color avia-section-default avia-no-border-styling  avia-builder-el-1  el_after_av_slideshow_full  el_before_av_textblock  avia-bg-style-scroll av-minimum-height av-minimum-height-custom av-height-custom  container_wrap sidebar_right'   data-av_minimum_height_px='500'><div class=\"av-section-color-overlay-wrap\"><a href='#next-section' title='' class='scroll-down-link ' aria-hidden='true' data-av_icon='\ue877' data-av_iconfont='entypo-fontello'><\/a><div class='container av-section-cont-open' style='height:500px'><div class='template-page content  av-content-small alpha units'><div class='post-entry post-entry-type-page post-entry-14'><div class='entry-content-wrapper clearfix'>\n<form action=\"http:\/\/novadamugla.com\/\" method=\"post\" data-fields-with-error=\"Found errors in the following field(s):\" class=\"avia_ajax_form av-form-labels-visible   avia-builder-el-2  avia-builder-el-no-sibling   \" data-avia-form-id=\"1\" data-avia-redirect='' ><h3 class=''>Kiralama Ba\u015fvuru Formu<\/h3><fieldset><p class='  first_form  form_element form_fullwidth' id='element_avia_1_1'><label for=\"avia_1_1\">Yetkili Ad\u0131 ve Soyad\u0131 <abbr class=\"required\" title=\"Zorunlu\">*<\/abbr><\/label> <input name=\"avia_1_1\" class=\"text_input is_empty\" type=\"text\" id=\"avia_1_1\" value=\"\" \/><\/p><p class='  first_form  form_element form_fullwidth' id='element_avia_2_1'><label for=\"avia_2_1\">E-Posta <abbr class=\"required\" title=\"Zorunlu\">*<\/abbr><\/label> <input name=\"avia_2_1\" class=\"text_input is_email\" type=\"text\" id=\"avia_2_1\" value=\"\" \/><\/p><p class='  first_form  form_element form_fullwidth' id='element_avia_3_1'><label for=\"avia_3_1\">Telefon <abbr class=\"required\" title=\"Zorunlu\">*<\/abbr><\/label> <input name=\"avia_3_1\" class=\"text_input is_phone\" type=\"text\" id=\"avia_3_1\" value=\"\" \/><\/p><p class='  first_form  form_element form_fullwidth' id='element_avia_4_1'><label for=\"avia_4_1\" class=\"textare_label hidden textare_label_avia_4_1\">Adres <abbr class=\"required\" title=\"Zorunlu\">*<\/abbr><\/label><textarea  name=\"avia_4_1\" class=\"text_area is_empty\" cols=\"40\" rows=\"7\" id=\"avia_4_1\" ><\/textarea><\/p><p class='  first_form  form_element form_fullwidth' id='element_avia_5_1'><label for=\"avia_5_1\" class=\"textare_label hidden textare_label_avia_5_1\">Marka Ad\u0131 <abbr class=\"required\" title=\"Zorunlu\">*<\/abbr><\/label><textarea  name=\"avia_5_1\" class=\"text_area is_empty\" cols=\"40\" rows=\"7\" id=\"avia_5_1\" ><\/textarea><\/p><p class='  first_form  form_element form_fullwidth' id='element_avia_6_1'><label for=\"avia_6_1\">Kiralamak istedi\u011finiz b\u00f6l\u00fcm <abbr class=\"required\" title=\"Zorunlu\">*<\/abbr><\/label><select multiple name=\"avia_6_1\" class=\"select is_empty av-multi-select\" id=\"avia_6_1\"><option   value='Ma\u011faza'>Ma\u011faza<\/option><option   value='Stand'>Stand<\/option><\/select><\/p><p class='  first_form  form_element form_fullwidth' id='element_avia_7_1'><label for=\"avia_7_1\" class=\"textare_label hidden textare_label_avia_7_1\">Metrekare (min.\/Max) <abbr class=\"required\" title=\"Zorunlu\">*<\/abbr><\/label><textarea  name=\"avia_7_1\" class=\"text_area is_empty\" cols=\"40\" rows=\"7\" id=\"avia_7_1\" ><\/textarea><\/p><p class='  first_form  form_element form_fullwidth' id='element_avia_8_1'><label for=\"avia_8_1\" class=\"textare_label hidden textare_label_avia_8_1\">Merkez  \/ Bayi<\/label><textarea  name=\"avia_8_1\" class=\"text_area \" cols=\"40\" rows=\"7\" id=\"avia_8_1\" ><\/textarea><\/p><p class='  first_form  form_element form_fullwidth' id='element_avia_9_1'><label for=\"avia_9_1\" class=\"textare_label hidden textare_label_avia_9_1\">Markan\u0131n Faaliyet Konusu<\/label><textarea  name=\"avia_9_1\" class=\"text_area \" cols=\"40\" rows=\"7\" id=\"avia_9_1\" ><\/textarea><\/p><p class='  first_form  form_element form_fullwidth' id='element_avia_10_1'><label for=\"avia_10_1\" class=\"textare_label hidden textare_label_avia_10_1\">Markan\u0131n Toplam Ma\u011faza Say\u0131s\u0131<\/label><textarea  name=\"avia_10_1\" class=\"text_area \" cols=\"40\" rows=\"7\" id=\"avia_10_1\" ><\/textarea><\/p><p class='  first_form  form_element form_fullwidth' id='element_avia_11_1'><label for=\"avia_11_1\" class=\"textare_label hidden textare_label_avia_11_1\">Kirac\u0131 Aday\u0131n\u0131n Faaliyet Konusu<\/label><textarea  name=\"avia_11_1\" class=\"text_area \" cols=\"40\" rows=\"7\" id=\"avia_11_1\" ><\/textarea><\/p><p class='  first_form  form_element form_fullwidth' id='element_avia_12_1'><label for=\"avia_12_1\" class=\"textare_label hidden textare_label_avia_12_1\">\u0130\u015fletmi\u015f oldu\u011fu ma\u011faza say\u0131s\u0131 ve yerleri<\/label><textarea  name=\"avia_12_1\" class=\"text_area \" cols=\"40\" rows=\"7\" id=\"avia_12_1\" ><\/textarea><\/p><p class='  first_form  form_element form_fullwidth av-last-visible-form-element' id='element_avia_13_1'><label for=\"avia_13_1\" class=\"textare_label hidden textare_label_avia_13_1\">Not<\/label><textarea  name=\"avia_13_1\" class=\"text_area \" cols=\"40\" rows=\"7\" id=\"avia_13_1\" ><\/textarea><\/p><p class=\"hidden\"><input type=\"text\" name=\"avia_14_1\" class=\"hidden \" id=\"avia_14_1\" value=\"\" \/><\/p><p class=\"form_element \"><input type=\"hidden\" value=\"1\" name=\"avia_generated_form1\" \/><input type=\"submit\" value=\"G\u00f6nder\" class=\"button\"  data-sending-label=\"G\u00f6nderiliyor\"\/><\/p><\/fieldset><\/form><div id=\"ajaxresponse_1\" class=\"ajaxresponse ajaxresponse_1 hidden\"><\/div>\n<\/div><\/div><\/div><!-- close content main div --><\/div><\/div><\/div><div id='after_section_1'  class='main_color av_default_container_wrap container_wrap sidebar_right'  ><div class='container av-section-cont-open' ><div class='template-page content  av-content-small alpha units'><div class='post-entry post-entry-type-page post-entry-14'><div class='entry-content-wrapper clearfix'><section  class='av_textblock_section av-mfpelysc-e7b74d012d1818267448add4e16e83ea '   itemscope=\"itemscope\" itemtype=\"https:\/\/schema.org\/CreativeWork\" ><div class='avia_textblock'  itemprop=\"text\" ><h3 style=\"text-align: center;\">K\u0130RALAMA<\/h3>\n<p style=\"text-align: center;\">REBUS PROJE GEL\u0130\u015eT\u0130RME GAYR\u0130MENKUL DANI\u015eMANLIK A.\u015e.<\/p>\n<h3 style=\"text-align: center;\">0216 747 90 16<\/h3>\n<\/div><\/section><\/p>\n<\/div><\/div><\/div><!-- close content main div --><\/div><\/div>\n<style type=\"text\/css\" data-created_by=\"avia_inline_auto\" id=\"style-css-av-ltzyp039-d970734f1a916df2bf650974c53c5586\">\n.avia-section.av-ltzyp039-d970734f1a916df2bf650974c53c5586{\nbackground-color:#ecf2d0;\nbackground-image:unset;\n}\n<\/style>\n<div id='av_section_2'  class='avia-section av-ltzyp039-d970734f1a916df2bf650974c53c5586 main_color avia-section-default avia-no-border-styling  avia-builder-el-4  el_after_av_textblock  el_before_av_one_fourth  avia-bg-style-scroll container_wrap sidebar_right'  ><div class='container av-section-cont-open' ><div class='template-page content  av-content-small alpha units'><div class='post-entry post-entry-type-page post-entry-14'><div class='entry-content-wrapper clearfix'>\n\n<style type=\"text\/css\" data-created_by=\"avia_inline_auto\" id=\"style-css-av-ltzynb24-2da3bcbaa42971dc6be791d65cd567ae\">\n#top .av-special-heading.av-ltzynb24-2da3bcbaa42971dc6be791d65cd567ae{\npadding-bottom:10px;\ncolor:#4e7214;\n}\nbody .av-special-heading.av-ltzynb24-2da3bcbaa42971dc6be791d65cd567ae .av-special-heading-tag .heading-char{\nfont-size:25px;\n}\n.av-special-heading.av-ltzynb24-2da3bcbaa42971dc6be791d65cd567ae .special-heading-inner-border{\nborder-color:#4e7214;\n}\n.av-special-heading.av-ltzynb24-2da3bcbaa42971dc6be791d65cd567ae .av-subheading{\nfont-size:15px;\n}\n<\/style>\n<div  class='av-special-heading av-ltzynb24-2da3bcbaa42971dc6be791d65cd567ae av-special-heading-h1 custom-color-heading blockquote modern-quote modern-centered  avia-builder-el-5  el_before_av_hr  avia-builder-el-first '><h1 class='av-special-heading-tag'  itemprop=\"headline\"  >B\u00f6lgenin en b\u00fcy\u00fck avm projesi<\/h1><div class=\"special-heading-border\"><div class=\"special-heading-inner-border\"><\/div><\/div><\/div>\n\n<style type=\"text\/css\" data-created_by=\"avia_inline_auto\" id=\"style-css-av-ltzyvrrm-7af22bcf80831aafb04397bfe54f926e\">\n#top .hr.hr-invisible.av-ltzyvrrm-7af22bcf80831aafb04397bfe54f926e{\nheight:15px;\n}\n<\/style>\n<div  class='hr av-ltzyvrrm-7af22bcf80831aafb04397bfe54f926e hr-invisible  avia-builder-el-6  el_after_av_heading  el_before_av_one_half '><span class='hr-inner '><span class=\"hr-inner-style\"><\/span><\/span><\/div>\n<div  class='flex_column av-1ioaq-bdbbf0b452084b5127bf6f63c941172f av_one_half  avia-builder-el-7  el_after_av_hr  el_before_av_one_half  first flex_column_div  '     ><style type=\"text\/css\" data-created_by=\"avia_inline_auto\" id=\"style-css-av-ltzysuuc-ef91ac8c840ee5b3ab4b29d9250ff4fe\">\n#top .av_textblock_section.av-ltzysuuc-ef91ac8c840ee5b3ab4b29d9250ff4fe .avia_textblock{\nfont-size:17px;\n}\n<\/style>\n<section  class='av_textblock_section av-ltzysuuc-ef91ac8c840ee5b3ab4b29d9250ff4fe '   itemscope=\"itemscope\" itemtype=\"https:\/\/schema.org\/CreativeWork\" ><div class='avia_textblock'  itemprop=\"text\" ><h2>Novada Mu\u011fla: Al\u0131\u015fveri\u015f, Lezzet ve Etkinlik Rehberi<\/h2>\n<p>Novada Mu\u011fla bulundu\u011fu konum itibariyle; her ya\u015f ve stat\u00fcdeki ziyaret\u00e7inin bulu\u015fma noktas\u0131 olma hedefinin yan\u0131 s\u0131ra g\u00fcnl\u00fck 23.000 ara\u00e7 ge\u00e7i\u015f say\u0131s\u0131na sahip karayoluna olan konumu ile b\u00f6lgenin cazibe merkezi olmaya haz\u0131rlan\u0131yor. Ayr\u0131cal\u0131kl\u0131\u00a0 marka karmas\u0131; Yata\u011fan il\u00e7e merkezine olan yak\u0131nl\u0131\u011f\u0131 ile il\u00e7enin SES stat\u00fcs\u00fcne hitap edecek konseptte olmas\u0131n\u0131n yan\u0131 s\u0131ra , Mu\u011fla \u2013 Marmaris \u2013 Fethiye yolu m\u00fc\u015fteri kitlesi g\u00f6zetilerek t\u00fcm ziyaret\u00e7i profillerini ortak bir proje yap\u0131s\u0131 alt\u0131nda a\u011f\u0131rlayabilecek konseptte olu\u015fturulmu\u015ftur.<\/p>\n<\/div><\/section><\/div><div  class='flex_column av-12dvm-1737610042d9db0b0e3f1a211992426a av_one_half  avia-builder-el-9  el_after_av_one_half  avia-builder-el-last  flex_column_div  '     ><style type=\"text\/css\" data-created_by=\"avia_inline_auto\" id=\"style-css-av-ltzytfkl-6babcca72621f39366a9dcecbd75a6ba\">\n#top .av_textblock_section.av-ltzytfkl-6babcca72621f39366a9dcecbd75a6ba .avia_textblock{\nfont-size:17px;\n}\n<\/style>\n<section  class='av_textblock_section av-ltzytfkl-6babcca72621f39366a9dcecbd75a6ba '   itemscope=\"itemscope\" itemtype=\"https:\/\/schema.org\/CreativeWork\" ><div class='avia_textblock'  itemprop=\"text\" ><p>\u00d6zellikle karayolu hatt\u0131nda yeme-i\u00e7me al\u0131\u015fkanlar\u0131 g\u00f6z \u00f6n\u00fcnde bulundurularak geli\u015ftirilen kiralama konseptinde; yerel T\u00fcrk Mutfa\u011f\u0131n\u0131n yan\u0131 s\u0131ra D\u00fcnya Mutfa\u011f\u0131 ve ziyaret\u00e7ilerine lezzet deneyimi ya\u015fatacak keyifli Cafe-Restoranlara yer verilmi\u015ftir. Kad\u0131n, erkek, \u00e7ocuk giyim, ev tekstil, ayakkab\u0131 ve aksesuar markalar\u0131 yak\u0131n b\u00f6lge yerle\u015fim alanlar\u0131 ile karayolu g\u00fczergah\u0131n\u0131 kullanacak tatil m\u00fc\u015fterisi hedef kitlesi olarak belirlenmi\u015ftir. Anayola 500 metre cephesi bulunan Novada Mu\u011fla; B\u00f6lgenin en b\u00fcy\u00fck e\u011flence alan\u0131 ve LUNAPARK projesini b\u00fcnyesinde bar\u0131nd\u0131rarak Al\u0131\u015fveri\u015f, E\u011flence, Lezzet kategorilerin de ziyaret\u00e7ilerine e\u015fsiz bir deneyim ya\u015fatacak.<\/p>\n<\/div><\/section><\/div><\/div><\/div><\/div><!-- close content main div --><\/div><\/div><div id='after_section_2'  class='main_color av_default_container_wrap container_wrap sidebar_right'  ><div class='container av-section-cont-open' ><div class='template-page content  av-content-small alpha units'><div class='post-entry post-entry-type-page post-entry-14'><div class='entry-content-wrapper clearfix'><div  class='flex_column av-1wwhm-381d8350209f8f620514d6f87c57709d av_one_fourth  avia-builder-el-11  el_after_av_section  el_before_av_one_half  avia-builder-el-first  first flex_column_div  '     ><\/div><\/p>\n<div  class='flex_column av-1gc1e-3d2c7375dccc99fc42fe65b3a62e02ea av_one_half  avia-builder-el-12  el_after_av_one_fourth  el_before_av_one_fourth  flex_column_div  '     ><\/div>\n<div  class='flex_column av-w1si-abc247b0b139863e1c5accecbba6158e av_one_fourth  avia-builder-el-13  el_after_av_one_half  avia-builder-el-last  flex_column_div  '     ><\/div>\n","protected":false},"excerpt":{"rendered":"","protected":false},"author":1,"featured_media":0,"parent":0,"menu_order":0,"comment_status":"closed","ping_status":"closed","template":"","meta":{"footnotes":""},"class_list":["post-14","page","type-page","status-publish","hentry"],"yoast_head":"<!-- This site is optimized with the Yoast SEO plugin v25.9 - https:\/\/yoast.com\/wordpress\/plugins\/seo\/ -->\n<title>Novada Mu\u011fla: Al\u0131\u015fveri\u015f, Yemek ve Etkinlik Rehberi<\/title>\n<meta name=\"description\" content=\"Novada Mu\u011fla&#039;da nerede yemek yenir, hangi ma\u011fazalar var ve hangi etkinlikler ka\u00e7\u0131r\u0131lmamal\u0131? Pratik rehberimizle ke\u015ffedin.\" \/>\n<meta name=\"robots\" content=\"index, follow, max-snippet:-1, max-image-preview:large, max-video-preview:-1\" \/>\n<link rel=\"canonical\" href=\"http:\/\/novadamugla.com\/\" \/>\n<meta property=\"og:locale\" content=\"tr_TR\" \/>\n<meta property=\"og:type\" content=\"article\" \/>\n<meta property=\"og:title\" content=\"Novada Mu\u011fla: Al\u0131\u015fveri\u015f, Yemek ve Etkinlik Rehberi\" \/>\n<meta property=\"og:description\" content=\"Novada Mu\u011fla&#039;da nerede yemek yenir, hangi ma\u011fazalar var ve hangi etkinlikler ka\u00e7\u0131r\u0131lmamal\u0131? Pratik rehberimizle ke\u015ffedin.\" \/>\n<meta property=\"og:url\" content=\"http:\/\/novadamugla.com\/\" \/>\n<meta property=\"og:site_name\" content=\"Novada Mu\u011fla\" \/>\n<meta property=\"article:modified_time\" content=\"2025-09-18T13:33:33+00:00\" \/>\n<meta name=\"twitter:card\" content=\"summary_large_image\" \/>\n<meta name=\"twitter:label1\" content=\"Tahmini okuma s\u00fcresi\" \/>\n\t<meta name=\"twitter:data1\" content=\"3 dakika\" \/>\n<script type=\"application\/ld+json\" class=\"yoast-schema-graph\">{\"@context\":\"https:\/\/schema.org\",\"@graph\":[{\"@type\":\"WebPage\",\"@id\":\"http:\/\/novadamugla.com\/\",\"url\":\"http:\/\/novadamugla.com\/\",\"name\":\"Novada Mu\u011fla: Al\u0131\u015fveri\u015f, Yemek ve Etkinlik Rehberi\",\"isPartOf\":{\"@id\":\"http:\/\/novadamugla.com\/#website\"},\"datePublished\":\"2023-03-01T13:45:21+00:00\",\"dateModified\":\"2025-09-18T13:33:33+00:00\",\"description\":\"Novada Mu\u011fla'da nerede yemek yenir, hangi ma\u011fazalar var ve hangi etkinlikler ka\u00e7\u0131r\u0131lmamal\u0131? Pratik rehberimizle ke\u015ffedin.\",\"breadcrumb\":{\"@id\":\"http:\/\/novadamugla.com\/#breadcrumb\"},\"inLanguage\":\"tr\",\"potentialAction\":[{\"@type\":\"ReadAction\",\"target\":[\"http:\/\/novadamugla.com\/\"]}]},{\"@type\":\"BreadcrumbList\",\"@id\":\"http:\/\/novadamugla.com\/#breadcrumb\",\"itemListElement\":[{\"@type\":\"ListItem\",\"position\":1,\"name\":\"Anasayfa\",\"item\":\"http:\/\/novadamugla.com\/\"},{\"@type\":\"ListItem\",\"position\":2,\"name\":\"novada mugla\"}]},{\"@type\":\"WebSite\",\"@id\":\"http:\/\/novadamugla.com\/#website\",\"url\":\"http:\/\/novadamugla.com\/\",\"name\":\"Novada Mu\u011fla\",\"description\":\"Novada Outlet Mu\u011fla\",\"publisher\":{\"@id\":\"http:\/\/novadamugla.com\/#organization\"},\"potentialAction\":[{\"@type\":\"SearchAction\",\"target\":{\"@type\":\"EntryPoint\",\"urlTemplate\":\"http:\/\/novadamugla.com\/?s={search_term_string}\"},\"query-input\":{\"@type\":\"PropertyValueSpecification\",\"valueRequired\":true,\"valueName\":\"search_term_string\"}}],\"inLanguage\":\"tr\"},{\"@type\":\"Organization\",\"@id\":\"http:\/\/novadamugla.com\/#organization\",\"name\":\"Novada Mu\u011fla\",\"url\":\"http:\/\/novadamugla.com\/\",\"logo\":{\"@type\":\"ImageObject\",\"inLanguage\":\"tr\",\"@id\":\"http:\/\/novadamugla.com\/#\/schema\/logo\/image\/\",\"url\":\"https:\/\/novadamugla.com\/wp-content\/uploads\/2024\/12\/WhatsApp-Gorsel-2024-12-25-saat-16.48.18_0f7fbdf3.jpg\",\"contentUrl\":\"https:\/\/novadamugla.com\/wp-content\/uploads\/2024\/12\/WhatsApp-Gorsel-2024-12-25-saat-16.48.18_0f7fbdf3.jpg\",\"width\":1600,\"height\":575,\"caption\":\"Novada Mu\u011fla\"},\"image\":{\"@id\":\"http:\/\/novadamugla.com\/#\/schema\/logo\/image\/\"},\"sameAs\":[\"https:\/\/www.instagram.com\/novadamugla\/\"]}]}<\/script>\n<!-- \/ Yoast SEO plugin. -->","yoast_head_json":{"title":"Novada Mu\u011fla: Al\u0131\u015fveri\u015f, Yemek ve Etkinlik Rehberi","description":"Novada Mu\u011fla'da nerede yemek yenir, hangi ma\u011fazalar var ve hangi etkinlikler ka\u00e7\u0131r\u0131lmamal\u0131? Pratik rehberimizle ke\u015ffedin.","robots":{"index":"index","follow":"follow","max-snippet":"max-snippet:-1","max-image-preview":"max-image-preview:large","max-video-preview":"max-video-preview:-1"},"canonical":"http:\/\/novadamugla.com\/","og_locale":"tr_TR","og_type":"article","og_title":"Novada Mu\u011fla: Al\u0131\u015fveri\u015f, Yemek ve Etkinlik Rehberi","og_description":"Novada Mu\u011fla'da nerede yemek yenir, hangi ma\u011fazalar var ve hangi etkinlikler ka\u00e7\u0131r\u0131lmamal\u0131? Pratik rehberimizle ke\u015ffedin.","og_url":"http:\/\/novadamugla.com\/","og_site_name":"Novada Mu\u011fla","article_modified_time":"2025-09-18T13:33:33+00:00","twitter_card":"summary_large_image","twitter_misc":{"Tahmini okuma s\u00fcresi":"3 dakika"},"schema":{"@context":"https:\/\/schema.org","@graph":[{"@type":"WebPage","@id":"http:\/\/novadamugla.com\/","url":"http:\/\/novadamugla.com\/","name":"Novada Mu\u011fla: Al\u0131\u015fveri\u015f, Yemek ve Etkinlik Rehberi","isPartOf":{"@id":"http:\/\/novadamugla.com\/#website"},"datePublished":"2023-03-01T13:45:21+00:00","dateModified":"2025-09-18T13:33:33+00:00","description":"Novada Mu\u011fla'da nerede yemek yenir, hangi ma\u011fazalar var ve hangi etkinlikler ka\u00e7\u0131r\u0131lmamal\u0131? Pratik rehberimizle ke\u015ffedin.","breadcrumb":{"@id":"http:\/\/novadamugla.com\/#breadcrumb"},"inLanguage":"tr","potentialAction":[{"@type":"ReadAction","target":["http:\/\/novadamugla.com\/"]}]},{"@type":"BreadcrumbList","@id":"http:\/\/novadamugla.com\/#breadcrumb","itemListElement":[{"@type":"ListItem","position":1,"name":"Anasayfa","item":"http:\/\/novadamugla.com\/"},{"@type":"ListItem","position":2,"name":"novada mugla"}]},{"@type":"WebSite","@id":"http:\/\/novadamugla.com\/#website","url":"http:\/\/novadamugla.com\/","name":"Novada Mu\u011fla","description":"Novada Outlet Mu\u011fla","publisher":{"@id":"http:\/\/novadamugla.com\/#organization"},"potentialAction":[{"@type":"SearchAction","target":{"@type":"EntryPoint","urlTemplate":"http:\/\/novadamugla.com\/?s={search_term_string}"},"query-input":{"@type":"PropertyValueSpecification","valueRequired":true,"valueName":"search_term_string"}}],"inLanguage":"tr"},{"@type":"Organization","@id":"http:\/\/novadamugla.com\/#organization","name":"Novada Mu\u011fla","url":"http:\/\/novadamugla.com\/","logo":{"@type":"ImageObject","inLanguage":"tr","@id":"http:\/\/novadamugla.com\/#\/schema\/logo\/image\/","url":"https:\/\/novadamugla.com\/wp-content\/uploads\/2024\/12\/WhatsApp-Gorsel-2024-12-25-saat-16.48.18_0f7fbdf3.jpg","contentUrl":"https:\/\/novadamugla.com\/wp-content\/uploads\/2024\/12\/WhatsApp-Gorsel-2024-12-25-saat-16.48.18_0f7fbdf3.jpg","width":1600,"height":575,"caption":"Novada Mu\u011fla"},"image":{"@id":"http:\/\/novadamugla.com\/#\/schema\/logo\/image\/"},"sameAs":["https:\/\/www.instagram.com\/novadamugla\/"]}]}},"_links":{"self":[{"href":"http:\/\/novadamugla.com\/index.php\/wp-json\/wp\/v2\/pages\/14","targetHints":{"allow":["GET"]}}],"collection":[{"href":"http:\/\/novadamugla.com\/index.php\/wp-json\/wp\/v2\/pages"}],"about":[{"href":"http:\/\/novadamugla.com\/index.php\/wp-json\/wp\/v2\/types\/page"}],"author":[{"embeddable":true,"href":"http:\/\/novadamugla.com\/index.php\/wp-json\/wp\/v2\/users\/1"}],"replies":[{"embeddable":true,"href":"http:\/\/novadamugla.com\/index.php\/wp-json\/wp\/v2\/comments?post=14"}],"version-history":[{"count":30,"href":"http:\/\/novadamugla.com\/index.php\/wp-json\/wp\/v2\/pages\/14\/revisions"}],"predecessor-version":[{"id":89,"href":"http:\/\/novadamugla.com\/index.php\/wp-json\/wp\/v2\/pages\/14\/revisions\/89"}],"wp:attachment":[{"href":"http:\/\/novadamugla.com\/index.php\/wp-json\/wp\/v2\/media?parent=14"}],"curies":[{"name":"wp","href":"https:\/\/api.w.org\/{rel}","templated":true}]}}